{"id":601,"date":"2021-12-04T09:31:05","date_gmt":"2021-12-04T08:31:05","guid":{"rendered":"https:\/\/www.runkapartments.com\/?page_id=601"},"modified":"2025-11-03T19:34:54","modified_gmt":"2025-11-03T18:34:54","slug":"protezione-dati","status":"publish","type":"page","link":"https:\/\/www.runkapartments.com\/it\/protezione-dati\/","title":{"rendered":"Protezione dati"},"content":{"rendered":"\n<h1>Protezione dati<\/h1>\n\n\n\n<h2 id=\"datenschutz\">RGPD<\/h2>\n\n\n\n<p><strong>Regolamento Generale sulla Protezione dei Dati (RGPD)<\/strong><\/p>\n\n\n\n<p>Con la presente Le diamo conto della natura, della portata e dello scopo della raccolta e dell&#8217;uso dei Suoi dati personali. Responsabile del trattamento dei dati \u00e8: <strong>Thomas Pircher, Via Laranza 13, 39040 Siusi<\/strong> in persona del legale rappresentante:\u00a0<strong>Thomas Pircher<\/strong>, contattabile ai seguenti recapiti: Tel. <strong>+39 346 0734793<\/strong> + E-Mail: <strong>info@runkapartments.com<\/strong><\/p>\n\n\n\n<p>Ai sensi dell&#8217;articolo 13 del Regolamento Generale sulla Protezione dei Dati, tratteremo le seguenti informazioni:<\/p>\n\n\n\n<ul><li>Dati anagrafici (nome, cognome, indirizzo, telefono, e-mail, data di nascita, luogo di nascita, lingua ecc.)<\/li><li>Dati presenti nei documenti di viaggio e d\u2019identit\u00e0<\/li><li>Dati relativi a pagamenti, carte di debito, carte di credito e carte bancarie<\/li><li>La durata del soggiorno e le preferenze personali associate al soggiorno richiesto<\/li><\/ul>\n\n\n\n<p>I dati saranno archiviati, elaborati e, ove richiesto dalla legge, trasmessi a terzi (quali autorit\u00e0 pubbliche, associazioni turistiche ecc.) nell\u2019ottica della fornitura dei nostri servizi.<\/p>\n\n\n\n<p>I Suoi dati non saranno trasmessi a paesi terzi.<\/p>\n\n\n\n<p>In caso di Suo rifiuto a conferirci i Suoi dati anagrafici, dei documenti di viaggio e relativi alle coordinate bancarie non saremo in grado di adempiere agli obblighi contrattuali e di accoglierLa presso la nostra struttura.<\/p>\n\n\n\n<p>I Suoi dati non verranno impiegati in processi decisionali automatizzati, compresa la profilazione.<\/p>\n\n\n\n<p>Le basi legali per questi processi di elaborazione dei dati sono:<\/p>\n\n\n\n<ul><li>l&#8217;adempimento dei nostri obblighi precontrattuali e contrattuali nei Suoi confronti<\/li><li>il consenso da Lei ottenuto<\/li><li>gli obblighi legali, contrattuali o altri obblighi legali a cui siamo tenuti (come ad esempio gli obblighi in materia di contabilit\u00e0, diritto fiscale e doganale, derivanti da contratti, informativa o contenziosi)<\/li><li>i nostri interessi legittimi (come ad esempio migliorare il nostro servizio ai clienti, l\u2019attivit\u00e0 di pubblicit\u00e0 diretta o l&#8217;esercizio dei nostri interessi legali).<\/li><\/ul>\n\n\n\n<p>La durata della conservazione dipende dalla durata del rapporto commerciale, dal consenso da parte Sua, dagli obblighi legali di conservazione e dagli obblighi legali a cui siamo sottoposti.<\/p>\n\n\n\n<p>Pu\u00f2 richiedere informazioni sui Suoi dati personali da noi custoditi gratuitamente in qualsiasi momento. Come interessato ha anche il diritto di revoca, consultazione, modificazione, cancellazione e distruzione dei dati, nella misura in cui non ci sia alcun obbligo legale di conservazione da parte nostra. Esercitando il Suo diritto di revoca, tutti i Suoi dati saranno irrimediabilmente cancellati, a meno che non vengano violate disposizioni normative di rango superiore.<\/p>\n\n\n\n<p>Per ulteriori informazioni sui Suoi diritti La preghiamo di contattarci a <strong>info@runkapartments.com<\/strong>, saremo felici di aiutarLa. Per eventuali reclami, il Garante per la protezione dei dati personali \u00e8: Garante per la protezione dei dati personali Piazza di Monte Citorio, 115\/121, 00186 Roma&nbsp; Fax: (+39) 06.69677.3785, Telefono: (+39) 06.696771, E-mail: garante@gpdp.it.<\/p>\n\n\n\n<h2 id=\"cookies\">Cookies<\/h2>\n\n\n\n<p>Un cookie \u00e8 un piccolo file di lettere e numeri che viene salvato sul vostro computer quando accedete a determinati siti web. I cookie permettono ad un sito web di riconoscere il computer di un utente. Un cookie di per s\u00e9 non contiene n\u00e9 raccoglie informazioni. I cookie possono essere utilizzati nella pubblicit\u00e0 comportamentale per individuare gli utenti che condividono un interesse particolare al fine di sottoporre loro messaggi pubblicitari pi\u00f9 pertinenti.<\/p>\n\n\n\n<ul><li><a href=\"http:\/\/it.wikipedia.org\/wiki\/Cookie\" target=\"_blank\" rel=\"noreferrer noopener\">Ulteriori informazioni sui cookie su Wikipedia<\/a><\/li><li><a href=\"http:\/\/www.garanteprivacy.it\/cookie\" target=\"_blank\" rel=\"noreferrer noopener\">Informazioni sui cookie su sito del Garante per la protezione dei dati personali<\/a><\/li><\/ul>\n\n\n\n<p>Questo sito web utilizza da un lato cookie tecnici che vengono utilizzati per la navigazione, la funzione e la migliorazione delle prestazioni del sito e dall&#8217;altra parte permette a terzi di rilasciare cookies. Questi cookie di terze parti potrebbero essere cookie tecnici, ma anche cookie per la profilazione, che vengono utilizzati per l&#8217;analisi statistica e per la raccolta di dati al fine di inviare all&#8217;utente messaggi pubblicitari che li interessano (cookie di profilazione per il marketing e retargeting).<\/p>\n\n\n\n<p>Utenti possono disattivare i cookie.<\/p>\n\n\n\n<p><strong>Attenzione<\/strong>, se si sceglie di disabilitare o rifiutare i cookie, potrebbe succedere che alcune parti del sito non potranno essere visualizzate o che non funzionino correttamente.<\/p>\n\n\n\n<p>Per disattivare o rifiutare i cookies consultare questi link:<\/p>\n\n\n\n<p><strong>Per disabilitare i cookie nei browser pi\u00f9 diffusi:<\/strong><\/p>\n\n\n\n<ul><li><a href=\"https:\/\/support.mozilla.org\/it\/kb\/Attivare e disattivare i cookie\" target=\"_blank\" rel=\"noreferrer noopener\">Mozilla Firefox<\/a><\/li><li><a href=\"http:\/\/windows.microsoft.com\/it-IT\/windows7\/Block-enable-or-allow-cookies\" target=\"_blank\" rel=\"noreferrer noopener\">Windows Internet Explorer<\/a><\/li><li><a href=\"https:\/\/support.google.com\/chrome\/answer\/95647?hl=it\" target=\"_blank\" rel=\"noreferrer noopener\">Google Chrome<\/a><\/li><li><a href=\"http:\/\/help.opera.com\/Windows\/10.00\/it\/cookies.html\" target=\"_blank\" rel=\"noreferrer noopener\">Opera<\/a><\/li><li><a href=\"https:\/\/support.apple.com\/it-it\/HT201265\" target=\"_blank\" rel=\"noreferrer noopener\">Apple Safari<\/a><\/li><\/ul>\n\n\n\n<p><strong>Pagine di informazioni per i cookie di terze parti:<\/strong><\/p>\n\n\n\n<ul><li><a href=\"http:\/\/www.google.com\/intl\/it\/policies\/\" target=\"_blank\" rel=\"noreferrer noopener\">Google<\/a><\/li><li><a href=\"http:\/\/www.google.com\/intl\/it\/policies\/technologies\/cookies\/\" target=\"_blank\" rel=\"noreferrer noopener\">Youtube<\/a><\/li><li><a href=\"http:\/\/www.google.com\/intl\/it\/policies\/technologies\/cookies\/\" target=\"_blank\" rel=\"noreferrer noopener\">Google Maps<\/a><\/li><\/ul>\n\n\n\n<p>Per ulteriori informazioni su come potete disattivare e \/ o cancellare i cookie visitate il sito web gestito da European Interactive Digital Advertising Alliance (EDAA) all\u2019indirizzo <a href=\"http:\/\/www.youronlinechoices.eu\" target=\"_blank\" rel=\"noreferrer noopener\">www.youronlinechoices.eu<\/a><\/p>\n\n\n\n<h2>Logfiles<\/h2>\n\n\n\n<p>Ogni volta che si accede al nostro sito Web, il nostro sistema raccoglie automaticamente dati e informazioni dal sistema informatico del computer chiamante. I seguenti dati vengono raccolti:<\/p>\n\n\n\n<ul><li>Informazioni sul tipo di browser e sulla versione utilizzata<\/li><li>Il sistema operativo dell&#8217;utente<\/li><li>Il fornitore di servizi Internet dell&#8217;utente<\/li><li>L&#8217;indirizzo IP dell&#8217;utente<\/li><li>Data e ora di accesso<\/li><li>Siti web dai quali il sistema dell&#8217;utente viene al nostro sito web<\/li><li>Siti web a cui si accede dal sistema dell&#8217;utente attraverso il nostro sito Web<\/li><\/ul>\n\n\n\n<p>Il salvataggio viene eseguito per garantire la funzionalit\u00e0 del sito Web. Inoltre, i dati vengono utilizzati per ottimizzare il sito Web e garantire la sicurezza dei nostri sistemi informatici. Un&#8217;analisi dei dati per scopi di marketing non ha luogo in questo contesto.<\/p>\n\n\n\n<p>A tal fine \u00e8 nostro legittimo interesse il trattamento di questi dati ai sensi dell&#8217;articolo 6 (1) lett. f RGPD.<\/p>\n\n\n\n<p>I dati saranno cancellati non appena non sono pi\u00f9 neccessare al fine della loro raccolta.<\/p>\n","protected":false},"excerpt":{"rendered":"<p>Protezione dati RGPD Regolamento Generale sulla Protezione dei Dati (RGPD) Con la presente Le diamo conto della natura, della portata e dello scopo della raccolta e dell&#8217;uso dei Suoi dati personali. Responsabile del trattamento dei dati \u00e8: Thomas Pircher, Via Laranza 13, 39040 Siusi in persona del legale rappresentante:\u00a0Thomas Pircher, contattabile ai seguenti recapiti: Tel. [&hellip;]<\/p>\n","protected":false},"author":2,"featured_media":0,"parent":0,"menu_order":0,"comment_status":"closed","ping_status":"closed","template":"","meta":[],"_links":{"self":[{"href":"https:\/\/www.runkapartments.com\/it\/wp-json\/wp\/v2\/pages\/601"}],"collection":[{"href":"https:\/\/www.runkapartments.com\/it\/wp-json\/wp\/v2\/pages"}],"about":[{"href":"https:\/\/www.runkapartments.com\/it\/wp-json\/wp\/v2\/types\/page"}],"author":[{"embeddable":true,"href":"https:\/\/www.runkapartments.com\/it\/wp-json\/wp\/v2\/users\/2"}],"replies":[{"embeddable":true,"href":"https:\/\/www.runkapartments.com\/it\/wp-json\/wp\/v2\/comments?post=601"}],"version-history":[{"count":4,"href":"https:\/\/www.runkapartments.com\/it\/wp-json\/wp\/v2\/pages\/601\/revisions"}],"predecessor-version":[{"id":2630,"href":"https:\/\/www.runkapartments.com\/it\/wp-json\/wp\/v2\/pages\/601\/revisions\/2630"}],"wp:attachment":[{"href":"https:\/\/www.runkapartments.com\/it\/wp-json\/wp\/v2\/media?parent=601"}],"curies":[{"name":"wp","href":"https:\/\/api.w.org\/{rel}","templated":true}]}}